{"id":2942,"date":"2018-09-17T13:52:13","date_gmt":"2018-09-17T11:52:13","guid":{"rendered":"https:\/\/bienenwiesn.at\/niederoesterreich\/?page_id=2942"},"modified":"2021-01-20T15:22:34","modified_gmt":"2021-01-20T14:22:34","slug":"impressum","status":"publish","type":"page","link":"https:\/\/bienenwiesn.at\/niederoesterreich\/impressum\/","title":{"rendered":"Impressum"},"content":{"rendered":"<p><strong>Impressum\/Informationen nach \u00a7 5 ECG, \u00a0\u00a714 UGB und Offenlegung gem\u00e4\u00df \u00a7 25 MedienG:<\/strong><\/p>\n<p>Medieninhaber\/Redaktion\/Herausgeber:<\/p>\n<p>Maschinenring-Service Nieder\u00f6sterreich-Wien eGen<br \/>\nMold 72,<br \/>\n3580 Horn,<br \/>\n\u00d6sterreich<\/p>\n<p>Tel.: +43 59060 300<br \/>\nFax: +43 59060 3900<br \/>\nE-Mail: <a href=\"mailto:service.kaernten@maschinenring.at\">service.niederoesterreich@maschinenring.at<\/a><\/p>\n<p><strong>Rechtsform:<\/strong> eGen, FN: 166950s<br \/>\nATU 44455102<br \/>\n<strong>Gerichtsstand:<\/strong> Horn<br \/>\n<strong>Firmensitz:<\/strong> 3580 Horn<\/p>\n<p><strong>Aufsichtsbeh\u00f6rde\/Gewerbebeh\u00f6rde:<\/strong> Bezirkshauptmannschaft Horn<br \/>\n<strong>Verleihungsstaat:<\/strong> \u00d6sterreich<\/p>\n<p><strong>Gesch\u00e4ftsf\u00fchrer:<\/strong><br \/>\nDI Gernot Ertl, MAS<br \/>\n<strong>Obmann:<\/strong><br \/>\nJohann B\u00f6sendorfer<br \/>\n<strong>Obmann Stv: <\/strong><br \/>\nAugust Doppler<\/p>\n<p>&nbsp;<\/p>\n<p>Verbraucher haben die M\u00f6glichkeit, Beschwerden an die OnlineStreitbeilegungsplattform der EU zu richten: <a href=\"http:\/\/ec.europa.eu\/odr\">http:\/\/ec.europa.eu\/odr<\/a>.<br \/>\nSie k\u00f6nnen allf\u00e4llige Beschwerde auch an die oben angegebene E-Mail-Adresse richten.<\/p>\n<p>&nbsp;<\/p>\n<p><strong>Copyright \/ Rechtliches:<\/strong><\/p>\n<p>S\u00e4mtliche Inhalte der Website sowie Layout und Gestaltung sind urheberrechtlich gesch\u00fctzt. Die Vervielf\u00e4ltigung oder \u00dcbernahme von Bestandteilen der Website bedarf der vorherigen schriftlichen Zustimmung des Medieninhabers. Die bereitgestellten Informationen auf dieser Website werden gepr\u00fcft und regelm\u00e4\u00dfig aktualisiert. Jedoch kann keine Garantie daf\u00fcr \u00fcbernommen werden, dass alle Angaben zu jeder Zeit vollst\u00e4ndig, richtig und in letzter Aktualit\u00e4t dargestellt sind. Dies gilt insbesondere f\u00fcr alle Links zu anderen Websites, auf die direkt oder indirekt verwiesen wird.<\/p>\n<p><strong>Datenschutz und Cookies:<\/strong><\/p>\n<p>Informationen zum Datenschutzerkl\u00e4rung k\u00f6nnen Sie <a href=\"..\/datenschutzerklaerung\">hier<\/a> einsehen.<\/p>\n","protected":false},"excerpt":{"rendered":"<p>Impressum\/Informationen nach \u00a7 5 ECG, \u00a0\u00a714 UGB und Offenlegung gem\u00e4\u00df \u00a7 25 MedienG: Medieninhaber\/Redaktion\/Herausgeber: Maschinenring-Service Nieder\u00f6sterreich-Wien eGen Mold 72, 3580 Horn, \u00d6sterreich Tel.: +43 59060 300 Fax: +43 59060 3900 E-Mail: service.niederoesterreich@maschinenring.at Rechtsform: eGen, FN: 166950s ATU 44455102 Gerichtsstand: Horn Firmensitz: 3580 Horn Aufsichtsbeh\u00f6rde\/Gewerbebeh\u00f6rde: Bezirkshauptmannschaft Horn Verleihungsstaat: \u00d6sterreich Gesch\u00e4ftsf\u00fchrer: DI Gernot Ertl, MAS Obmann: Johann [&hellip;]<\/p>\n","protected":false},"author":1,"featured_media":0,"parent":0,"menu_order":0,"comment_status":"closed","ping_status":"closed","template":"","meta":[],"_links":{"self":[{"href":"https:\/\/bienenwiesn.at\/niederoesterreich\/wp-json\/wp\/v2\/pages\/2942"}],"collection":[{"href":"https:\/\/bienenwiesn.at\/niederoesterreich\/wp-json\/wp\/v2\/pages"}],"about":[{"href":"https:\/\/bienenwiesn.at\/niederoesterreich\/wp-json\/wp\/v2\/types\/page"}],"author":[{"embeddable":true,"href":"https:\/\/bienenwiesn.at\/niederoesterreich\/wp-json\/wp\/v2\/users\/1"}],"replies":[{"embeddable":true,"href":"https:\/\/bienenwiesn.at\/niederoesterreich\/wp-json\/wp\/v2\/comments?post=2942"}],"version-history":[{"count":10,"href":"https:\/\/bienenwiesn.at\/niederoesterreich\/wp-json\/wp\/v2\/pages\/2942\/revisions"}],"predecessor-version":[{"id":3413,"href":"https:\/\/bienenwiesn.at\/niederoesterreich\/wp-json\/wp\/v2\/pages\/2942\/revisions\/3413"}],"wp:attachment":[{"href":"https:\/\/bienenwiesn.at\/niederoesterreich\/wp-json\/wp\/v2\/media?parent=2942"}],"curies":[{"name":"wp","href":"https:\/\/api.w.org\/{rel}","templated":true}]}}