{"id":3964,"date":"2022-09-15T14:13:29","date_gmt":"2022-09-15T12:13:29","guid":{"rendered":"https:\/\/bienenwiesn.at\/kaernten\/?page_id=3964"},"modified":"2022-09-15T14:17:31","modified_gmt":"2022-09-15T12:17:31","slug":"bluehpatenschaft-bestellung-100-qm","status":"publish","type":"page","link":"https:\/\/bienenwiesn.at\/kaernten\/bluehpatenschaft-bestellung-100-qm\/","title":{"rendered":"Bl\u00fchpatenschaft Bestellung 100 qm"},"content":{"rendered":"<p>[vc_row][vc_column][vc_empty_space][\/vc_column][\/vc_row][vc_row][vc_column]<div role=\"form\" class=\"wpcf7\" id=\"wpcf7-f3958-o1\" lang=\"de-DE\" dir=\"ltr\">\n<div class=\"screen-reader-response\"><p role=\"status\" aria-live=\"polite\" aria-atomic=\"true\"><\/p> <ul><\/ul><\/div>\n<form action=\"\/kaernten\/wp-json\/wp\/v2\/pages\/3964#wpcf7-f3958-o1\" method=\"post\" class=\"wpcf7-form init\" novalidate=\"novalidate\" data-status=\"init\">\n<div style=\"display: none;\">\n<input type=\"hidden\" name=\"_wpcf7\" value=\"3958\" \/>\n<input type=\"hidden\" name=\"_wpcf7_version\" value=\"5.3.2\" \/>\n<input type=\"hidden\" name=\"_wpcf7_locale\" value=\"de_DE\" \/>\n<input type=\"hidden\" name=\"_wpcf7_unit_tag\" value=\"wpcf7-f3958-o1\" \/>\n<input type=\"hidden\" name=\"_wpcf7_container_post\" value=\"0\" \/>\n<input type=\"hidden\" name=\"_wpcf7_posted_data_hash\" value=\"\" \/>\n<\/div>\n<p><b><font size=\"5\">ANGABEN ZUR BL\u00dcHFL\u00c4CHE:<\/font><\/b><br \/>\n<br><br \/>\n<b><font size=\"3\">Ich unterst\u00fctze die Insekten mit einer Bl\u00fchfl\u00e4che von 100 m\u00b2 mit 240,- (inkl. 20 % MwSt.) f\u00fcr 2 Jahre:<\/font><\/b><\/p>\n<p><br><br><\/p>\n<p><b><font size=\"5\">ANGABEN ZU IHRER PERSON:<\/font><\/b><br \/>\n<br><br \/>\n<label>Firma\/Verein\/Organisation <small><\/small>:<br \/>\n    <span class=\"wpcf7-form-control-wrap your-firma\"><input type=\"text\" name=\"your-firma\" value=\"\" size=\"40\" class=\"wpcf7-form-control wpcf7-text wpcf7-validates-as-required\" aria-required=\"true\" aria-invalid=\"false\" \/><\/span> <\/label>  <label>Vorname <small><\/small>:<br \/>\n    <span class=\"wpcf7-form-control-wrap your-vorname\"><input type=\"text\" name=\"your-vorname\" value=\"\" size=\"40\" class=\"wpcf7-form-control wpcf7-text wpcf7-validates-as-required\" aria-required=\"true\" aria-invalid=\"false\" \/><\/span> <\/label>  <label>Nachname <small><\/small>:<br \/>\n    <span class=\"wpcf7-form-control-wrap your-nachname\"><input type=\"text\" name=\"your-nachname\" value=\"\" size=\"40\" class=\"wpcf7-form-control wpcf7-text wpcf7-validates-as-required\" aria-required=\"true\" aria-invalid=\"false\" \/><\/span> <\/label><\/p>\n<p><label> Stra\u00dfe:<br \/>\n    <span class=\"wpcf7-form-control-wrap street\"><input type=\"text\" name=\"street\" value=\"\" size=\"40\" class=\"wpcf7-form-control wpcf7-text\" aria-invalid=\"false\" \/><\/span> <\/label>  <label> Plz <small>(Pflichtfeld)<\/small>:<br \/>\n    <span class=\"wpcf7-form-control-wrap plz\"><input type=\"number\" name=\"plz\" value=\"\" class=\"wpcf7-form-control wpcf7-number wpcf7-validates-as-required wpcf7-validates-as-number\" aria-required=\"true\" aria-invalid=\"false\" \/><\/span> <\/label>  <label> Ort <small>(Pflichtfeld)<\/small>:<br \/>\n    <span class=\"wpcf7-form-control-wrap city\"><input type=\"text\" name=\"city\" value=\"\" size=\"40\" class=\"wpcf7-form-control wpcf7-text wpcf7-validates-as-required\" aria-required=\"true\" aria-invalid=\"false\" \/><\/span> <\/label><\/p>\n<p><label> Telefon <small>(Pflichtfeld)<\/small>:<br \/>\n    <span class=\"wpcf7-form-control-wrap telephone\"><input type=\"tel\" name=\"telephone\" value=\"\" size=\"40\" class=\"wpcf7-form-control wpcf7-text wpcf7-tel wpcf7-validates-as-required wpcf7-validates-as-tel\" aria-required=\"true\" aria-invalid=\"false\" \/><\/span> <\/label>  <label> E-Mail-Adresse <small>(Pflichtfeld)<\/small>:<br \/>\n    <span class=\"wpcf7-form-control-wrap your-email\"><input type=\"email\" name=\"your-email\" value=\"\" size=\"40\" class=\"wpcf7-form-control wpcf7-text wpcf7-email wpcf7-validates-as-required wpcf7-validates-as-email\" aria-required=\"true\" aria-invalid=\"false\" \/><\/span> <\/label><\/p>\n<p><span class=\"wpcf7-form-control-wrap acceptance\"><span class=\"wpcf7-form-control wpcf7-acceptance\"><span class=\"wpcf7-list-item\"><label><input type=\"checkbox\" name=\"acceptance\" value=\"1\" aria-invalid=\"false\" \/><span class=\"wpcf7-list-item-label\">Ich m\u00f6chte, dass mein Name\/meine Organisation und mein Bezirk auf der Homepage des Bienenzentrums K\u00e4rnten als Bl\u00fchpate\/Bl\u00fchpatin ver\u00f6ffentlicht werden. Dies kann ich jederzeit per E-Mail beim Bienenzentrum K\u00e4rnten widerrufen.<\/span><\/label><\/span><\/span><\/span><br \/>\n<span class=\"wpcf7-form-control-wrap acceptance\"><span class=\"wpcf7-form-control wpcf7-acceptance\"><span class=\"wpcf7-list-item\"><label><input type=\"checkbox\" name=\"acceptance\" value=\"1\" aria-invalid=\"false\" \/><span class=\"wpcf7-list-item-label\">Ich m\u00f6chte, dass mein Name\/meine Organisation und mein Bezirk auf einem Infoschild neben der angelegten Bl\u00fchfl\u00e4che angef\u00fchrt wird. Dies kann ich jederzeit per E-Mail beim Maschinenring K\u00e4rnten widerrufen.<\/span><\/label><\/span><\/span><\/span><br \/>\n<span class=\"wpcf7-form-control-wrap acceptance\"><span class=\"wpcf7-form-control wpcf7-acceptance\"><span class=\"wpcf7-list-item\"><label><input type=\"checkbox\" name=\"acceptance\" value=\"1\" aria-invalid=\"false\" \/><span class=\"wpcf7-list-item-label\">Ich m\u00f6chte die Bl\u00fchpatenschaft verschenken.<\/span><\/label><\/span><\/span><\/span><\/p>\n<p><br><br><\/p>\n<p><b><font size=\"5\">ABBUCHUNGSKONTO:<\/font><\/b><\/p>\n<p><label>Kontoinhaber <small>(Pflichtfeld)<\/small>:<br \/>\n<span class=\"wpcf7-form-control-wrap kontoinhaber\"><input type=\"text\" name=\"kontoinhaber\" value=\"\" size=\"40\" class=\"wpcf7-form-control wpcf7-text wpcf7-validates-as-required\" aria-required=\"true\" aria-invalid=\"false\" \/><\/span> <\/label> <label>IBAN <small>(Pflichtfeld)<\/small>:<br \/>\n<span class=\"wpcf7-form-control-wrap iban\"><input type=\"text\" name=\"iban\" value=\"\" size=\"40\" class=\"wpcf7-form-control wpcf7-text wpcf7-validates-as-required\" aria-required=\"true\" aria-invalid=\"false\" \/><\/span> <\/label> <\/p>\n<p>Mit Angabe Ihrer Kontodaten, erm\u00e4chtigen Sie die Maschinenring K\u00e4rnten Service eGen dazu, den Rechnungsbetrag Ihrer Bestellung von Ihrem Konto einzuziehen und best\u00e4tigen, dass Sie \u00fcber die Berechtigung des angegebenen Kontos verf\u00fcgen. Sie haben daf\u00fcr zu sorgen, dass das Konto f\u00fcr die Abbuchung des Kaufpreises eine ausreichende Deckung vorweist. Sollte das Konto nicht ausreichend gedeckt sein, tragen Sie etwaige Kosten, die dadurch entstehen k\u00f6nnen.<\/p>\n<p>Der von Ihnen ausgew\u00e4hlte Betrag inkl. 20% MwSt. wird Ihnen automatisch von der Maschinenring K\u00e4rnten Service eGen abgebucht.<br \/>\n<br><\/p>\n<p><input type=\"submit\" value=\"Senden\" class=\"wpcf7-form-control wpcf7-submit\" \/><br \/>\n<br><\/p>\n<div class=\"wpcf7-response-output\" aria-hidden=\"true\"><\/div><\/form><\/div>[\/vc_column][\/vc_row][vc_row][vc_column][vc_single_image image=&#8221;3563&#8243; img_size=&#8221;full&#8221; alignment=&#8221;center&#8221;][\/vc_column][\/vc_row]<\/p>\n","protected":false},"excerpt":{"rendered":"<p>[vc_row][vc_column][vc_empty_space][\/vc_column][\/vc_row][vc_row][vc_column][\/vc_column][\/vc_row][vc_row][vc_column][vc_single_image image=&#8221;3563&#8243; img_size=&#8221;full&#8221; alignment=&#8221;center&#8221;][\/vc_column][\/vc_row]<\/p>\n","protected":false},"author":1,"featured_media":0,"parent":0,"menu_order":0,"comment_status":"open","ping_status":"open","template":"","meta":[],"_links":{"self":[{"href":"https:\/\/bienenwiesn.at\/kaernten\/wp-json\/wp\/v2\/pages\/3964"}],"collection":[{"href":"https:\/\/bienenwiesn.at\/kaernten\/wp-json\/wp\/v2\/pages"}],"about":[{"href":"https:\/\/bienenwiesn.at\/kaernten\/wp-json\/wp\/v2\/types\/page"}],"author":[{"embeddable":true,"href":"https:\/\/bienenwiesn.at\/kaernten\/wp-json\/wp\/v2\/users\/1"}],"replies":[{"embeddable":true,"href":"https:\/\/bienenwiesn.at\/kaernten\/wp-json\/wp\/v2\/comments?post=3964"}],"version-history":[{"count":2,"href":"https:\/\/bienenwiesn.at\/kaernten\/wp-json\/wp\/v2\/pages\/3964\/revisions"}],"predecessor-version":[{"id":3972,"href":"https:\/\/bienenwiesn.at\/kaernten\/wp-json\/wp\/v2\/pages\/3964\/revisions\/3972"}],"wp:attachment":[{"href":"https:\/\/bienenwiesn.at\/kaernten\/wp-json\/wp\/v2\/media?parent=3964"}],"curies":[{"name":"wp","href":"https:\/\/api.w.org\/{rel}","templated":true}]}}