{"id":3442,"date":"2021-04-15T06:56:10","date_gmt":"2021-04-15T04:56:10","guid":{"rendered":"https:\/\/bienenwiesn.at\/kaernten\/?page_id=3442"},"modified":"2022-09-15T14:19:17","modified_gmt":"2022-09-15T12:19:17","slug":"bluehpatenschaft","status":"publish","type":"page","link":"https:\/\/bienenwiesn.at\/kaernten\/bluehpatenschaft\/","title":{"rendered":""},"content":{"rendered":"<p>[vc_row el_id=&#8221;1&#8243;][vc_column]    <div class=\"shortcode shortcode-title text-center   animated\"\n                 animation_type=\"bounce\" animation_duration=\"1\" animation_delay=\"0\"\n        >\n                \n                <h2 style=\" color:#707172;\">DEIN BEITRAG ZUM ARTENSCHUTZ<\/h2>\n                \n                <div class=\"line\" style=\" width:40px; background-color:#118441;\"><\/div>\n                \n                \n            <\/div>\n    [\/vc_column][\/vc_row][vc_row][vc_column][vc_column_text]<\/p>\n<h3 style=\"text-align: center;\">Mit der \u00dcbernahme oder dem Verschenken einer Bl\u00fchpatenschaft, haben auch diejenigen, die keinen Garten oder freie Gr\u00fcnfl\u00e4che besitzen, die Chance, f\u00fcr Bienen und andere bl\u00fcten\u00adbest\u00e4ubende Insekten wichtige Nahrungs\u00adinseln und Lebens\u00adr\u00e4ume zu schaffen und damit einen wesentlichen Beitrag f\u00fcr unsere Umwelt zu leisten.<\/h3>\n<h3 style=\"text-align: center;\">F\u00fcr die Aktion Bl\u00fchpatenschaft stellt die <span style=\"color: #27ab27;\">KELAG<\/span> freie Fl\u00e4chen zur Verf\u00fcgung! Der <span style=\"color: #27ab27;\">MASCHINENRING<\/span> ist f\u00fcr die Einsaat und Pflege zust\u00e4ndig. Die <span style=\"color: #27ab27;\">KLEINE ZEITUNG<\/span> ist Projektpartner und bringt die Infos dar\u00fcber in die weite Welt.<\/h3>\n<h3 style=\"text-align: center;\">Mit dem Beitrag der <span style=\"color: #27ab27;\">BL\u00dcHPATEN<\/span> werden die neuen Bl\u00fchfl\u00e4chen angelegt und j\u00e4hrlich gepflegt. Bl\u00fchpatenschaften werden f\u00fcr den Zeitraum von zwei Jahren (mit Option auf Verl\u00e4ngerung) vergeben.<\/h3>\n<p>[\/vc_column_text][vc_empty_space][\/vc_column][\/vc_row][vc_row full_width=&#8221;stretch_row_content&#8221; css=&#8221;.vc_custom_1656339889529{background-color: #118441 !important;}&#8221;][vc_column width=&#8221;2\/6&#8243;][vc_single_image image=&#8221;3898&#8243; img_size=&#8221;large&#8221; alignment=&#8221;center&#8221;][\/vc_column][vc_column width=&#8221;1\/6&#8243;]    <div class=\"shortcode shortcode-title text-left   animated\"\n                 animation_type=\"bounce\" animation_duration=\"1\" animation_delay=\"0\"\n        >\n                \n                <h2 style=\" color:#ffffff;\">JETZT MITMACHEN!<\/h2>\n                \n                <div class=\"line\" style=\" width:40px; background-color:#ffffff;\"><\/div>\n                \n                \n            <\/div>\n    [\/vc_column][vc_column width=&#8221;3\/6&#8243;]    <div class=\"shortcode shortcode-title text-left   animated\"\n                 animation_type=\"bounce\" animation_duration=\"1\" animation_delay=\"0\"\n        >\n                \n                <h2 style=\" color:#ffffff;\">Eine geniale Idee!<\/h2>\n                \n                <div class=\"line\" style=\" width:40px; background-color:#ffffff;\"><\/div>\n                \n                \n            <\/div>\n    [vc_column_text]<\/p>\n<h3 style=\"text-align: left;\"><span style=\"color: #ffffff;\">Auch ohne eigene Fl\u00e4che kannst du helfen.<\/span><\/h3>\n<p>[\/vc_column_text][vc_column_text]<span style=\"color: #ffffff;\">\u00dcbernimm jetzt eine Bl\u00fchpatenschaft und unterst\u00fctze die Artenvielfalt in K\u00e4rnten. Durch deine Patenschaft erhalten Insekten ein neues zu Hause und wichtige Nahrungsquellen. Schaffen wir gemeinsam weiteren Lebensraum f\u00fcr Biene, Hummel, Grash\u00fcpfer &amp; CO.<\/span><\/p>\n<p><span style=\"color: #ffffff;\">Die reichbl\u00fchende Projekt-Saatgutmischung besteht aus wertvollen heimischen einj\u00e4hrigen Feldblumen, \u00fcber- und mehrj\u00e4hrigen Wiesenblumen, Kleearten und Gr\u00e4sern. Durch die Verwendung von regional zertifizierten Wildblumen wird die Biodiversit\u00e4t in der Agrar- und Kulturlandschaft gef\u00f6rdert und die Ausbreitung invasiver Arten verringert.<\/span><\/p>\n<p><span style=\"color: #ffffff;\">Au\u00dferdem ist der Bl\u00fchzeitpunkt von heimischen Wildpflanzen auf den Entwicklungszyklus unserer heimischen Bienen und bl\u00fctenbest\u00e4ubenden Insekten abgestimmt. Egal ob gr\u00f6\u00dfere Acker-\/ Grundst\u00fccksfl\u00e4che oder Begleitsteifen: Jede neue Fl\u00e4che z\u00e4hlt. Die Besonderheit, dass das projekteigene Saatgut zu 100 % aus \u00d6sterreich stammt und zertifiziert ist, macht die Initiative \u201eBienenwies\u00b4n\u201c einzigartig und zu einem Vorzeigeprojekt in punkto Nachhaltigkeit.<\/span><\/p>\n<p>[\/vc_column_text][\/vc_column][\/vc_row][vc_row][vc_column][vc_single_image image=&#8221;3872&#8243; img_size=&#8221;large&#8221; alignment=&#8221;center&#8221; title=&#8221;Deine Patenschaft&#8230;&#8221;][vc_empty_space][\/vc_column][\/vc_row][vc_row full_width=&#8221;stretch_row_content&#8221; css=&#8221;.vc_custom_1653989530888{background-color: #118441 !important;}&#8221;][vc_column width=&#8221;2\/6&#8243;][vc_single_image image=&#8221;3897&#8243; img_size=&#8221;large&#8221; alignment=&#8221;center&#8221;][\/vc_column][vc_column width=&#8221;1\/6&#8243;]    <div class=\"shortcode shortcode-title text-left   animated\"\n                 animation_type=\"bounce\" animation_duration=\"1\" animation_delay=\"0\"\n        >\n                \n                <h2 style=\" color:#ffffff;\">JETZT MITMACHEN!<\/h2>\n                \n                <div class=\"line\" style=\" width:40px; background-color:#ffffff;\"><\/div>\n                \n                \n            <\/div>\n    [\/vc_column][vc_column width=&#8221;3\/6&#8243;]    <div class=\"shortcode shortcode-title text-left   animated\"\n                 animation_type=\"bounce\" animation_duration=\"1\" animation_delay=\"0\"\n        >\n                \n                <h2 style=\" color:#ffffff;\">Wie werde ich Bl\u00fchpate?<\/h2>\n                \n                <div class=\"line\" style=\" width:40px; background-color:#ffffff;\"><\/div>\n                \n                \n            <\/div>\n    [vc_column_text]<\/p>\n<h3 style=\"text-align: left;\"><span style=\"color: #ffffff;\">Gr\u00f6\u00dfe und Zeitraum ausw\u00e4hlen und Formular abschicken.<\/span><\/h3>\n<p>[\/vc_column_text][vc_column_text]<\/p>\n<p style=\"text-align: left;\"><span style=\"color: #ffffff;\">Du erh\u00e4lst eine Urkunde, die Rechnung und ein Begleit\u00adschreiben mit den Angaben, <strong>wo genau sich die Fl\u00e4che befindet<\/strong>.\u00a0Die Fl\u00e4che kann <strong>jederzeit besichtigt werden<\/strong>. Zu beachten ist jedoch, dass die Blumen als Nahrung f\u00fcr Insekten \u2013 und deshalb keinesfalls zum Pfl\u00fccken \u2013 zur Verf\u00fcgung stehen.\u00a0Vor Ort befindet sich eine Tafel mit dem Hinweis auf die \u00fcbernommene Bl\u00fch\u00adpatenschaft und deinem Namen (au\u00dfer dies ist nicht erw\u00fcnscht).<\/span><\/p>\n<p>&nbsp;<\/p>\n<h3><span style=\"color: #ffffff;\">Eignet sich perfekt als Geschenk<\/span><\/h3>\n<p><span style=\"color: #ffffff;\">Du kannst die Bl\u00fchpatenschaft aber auch weiter schenken. F\u00fcll beim Kontaktformular einfach die daf\u00fcr vorgesehenen Felder aus und wir schicken dir die Urkunde zu.<\/span>[\/vc_column_text][\/vc_column][\/vc_row][vc_row el_id=&#8221;bluehpatewerden&#8221;][vc_column]    <div class=\"shortcode shortcode-title text-center   animated\"\n                 animation_type=\"bounce\" animation_duration=\"1\" animation_delay=\"0\"\n        >\n                \n                <h2 style=\" color:#707172;\">W\u00c4HLEN SIE IHRE BIENENWIES\u00b4N AUS:<\/h2>\n                \n                <div class=\"line\" style=\" width:40px; background-color:#118441;\"><\/div>\n                \n                \n            <\/div>\n    [\/vc_column][\/vc_row][vc_row el_id=&#8221;2&#8243;][vc_column width=&#8221;1\/4&#8243;][vc_column_text]<\/p>\n<h2 style=\"text-align: center;\">25 m\u00b2 \u2013 BL\u00dcHPATENSCHAFT<\/h2>\n<p>[\/vc_column_text][vc_hoverbox image=&#8221;3497&#8243; primary_title=&#8221;&#8221; hover_title=&#8221;\u20ac 65,-&#8221; hover_background_color=&#8221;white&#8221;]<span style=\"color: #808080;\">inkl. 20 % MwSt.<br \/>\n2 Jahre Patenschaft<\/span>[\/vc_hoverbox][vc_cta h2=&#8221;ICH MACH MIT!&#8221; txt_align=&#8221;center&#8221; style=&#8221;custom&#8221; add_button=&#8221;top&#8221; btn_title=&#8221;Hier bestellen&#8221; btn_align=&#8221;center&#8221; btn_i_icon_fontawesome=&#8221;fa fa-thumbs-o-up&#8221; btn_add_icon=&#8221;true&#8221; custom_background=&#8221;#118441&#8243; custom_text=&#8221;#ffffff&#8221; btn_link=&#8221;url:https%3A%2F%2Fbienenwiesn.at%2Fkaernten%2Fbluehpatenschaft-bestellung-25-qm%2F|title:Bl%C3%BChpatenschaft%20Bestellung||&#8221;][\/vc_cta][\/vc_column][vc_column width=&#8221;1\/4&#8243;][vc_column_text]<\/p>\n<h2 style=\"text-align: center;\">50 m\u00b2 \u2013 BL\u00dcHPATENSCHAFT<\/h2>\n<p>[\/vc_column_text][vc_hoverbox image=&#8221;3510&#8243; primary_title=&#8221;&#8221; hover_title=&#8221;\u20ac 125,-&#8221; hover_background_color=&#8221;white&#8221;]<span style=\"color: #808080;\">inkl. 20 % MwSt.<br \/>\n2 Jahre Patenschaft<\/span>[\/vc_hoverbox][vc_cta h2=&#8221;ICH MACH MIT!&#8221; txt_align=&#8221;center&#8221; style=&#8221;custom&#8221; add_button=&#8221;top&#8221; btn_title=&#8221;Hier bestellen&#8221; btn_align=&#8221;center&#8221; btn_i_icon_fontawesome=&#8221;fa fa-thumbs-o-up&#8221; btn_add_icon=&#8221;true&#8221; custom_background=&#8221;#118441&#8243; custom_text=&#8221;#ffffff&#8221; btn_link=&#8221;url:https%3A%2F%2Fbienenwiesn.at%2Fkaernten%2Fbluehpatenschaft-bestellung-50-qm%2F|title:Bl%C3%BChpatenschaft%20Bestellung||&#8221;][\/vc_cta][\/vc_column][vc_column width=&#8221;1\/4&#8243;][vc_column_text]<\/p>\n<h2 style=\"text-align: center;\">100 m\u00b2 \u2013 BL\u00dcHPATENSCHAFT<\/h2>\n<p>[\/vc_column_text][vc_hoverbox image=&#8221;3509&#8243; primary_title=&#8221;&#8221; hover_title=&#8221;\u20ac 240,-&#8221; hover_background_color=&#8221;white&#8221;]<span style=\"color: #808080;\">inkl. 20 % MwSt.<br \/>\n2 Jahre Patenschaft<\/span>[\/vc_hoverbox][vc_cta h2=&#8221;ICH MACH MIT!&#8221; txt_align=&#8221;center&#8221; style=&#8221;custom&#8221; add_button=&#8221;top&#8221; btn_title=&#8221;Hier bestellen&#8221; btn_align=&#8221;center&#8221; btn_i_icon_fontawesome=&#8221;fa fa-thumbs-o-up&#8221; btn_add_icon=&#8221;true&#8221; custom_background=&#8221;#118441&#8243; custom_text=&#8221;#ffffff&#8221; btn_link=&#8221;url:https%3A%2F%2Fbienenwiesn.at%2Fkaernten%2Fbluehpatenschaft-bestellung-100-qm%2F|title:Bl%C3%BChpatenschaft%20Bestellung||&#8221;][\/vc_cta][\/vc_column][vc_column width=&#8221;1\/4&#8243;][vc_column_text]<\/p>\n<h2 style=\"text-align: center;\">150 m\u00b2 \u2013 BL\u00dcHPATENSCHAFT<\/h2>\n<p>[\/vc_column_text][vc_hoverbox image=&#8221;3511&#8243; primary_title=&#8221;&#8221; hover_title=&#8221;\u20ac 345,-&#8221; hover_background_color=&#8221;white&#8221;]<span style=\"color: #808080;\">inkl. 20 % MwSt.<br \/>\n2 Jahre Patenschaft<\/span>[\/vc_hoverbox][vc_cta h2=&#8221;ICH MACH MIT!&#8221; txt_align=&#8221;center&#8221; style=&#8221;custom&#8221; add_button=&#8221;top&#8221; btn_title=&#8221;Hier bestellen&#8221; btn_align=&#8221;center&#8221; btn_i_icon_fontawesome=&#8221;fa fa-thumbs-o-up&#8221; btn_add_icon=&#8221;true&#8221; custom_background=&#8221;#118441&#8243; custom_text=&#8221;#ffffff&#8221; btn_link=&#8221;url:https%3A%2F%2Fbienenwiesn.at%2Fkaernten%2Fbluehpatenschaft-bestellung-150-qm%2F|title:Bl%C3%BChpatenschaft%20Bestellung||&#8221; css=&#8221;.vc_custom_1663244119698{background-color: #118441 !important;}&#8221;][\/vc_cta][\/vc_column][\/vc_row][vc_row][vc_column][vc_empty_space][\/vc_column][\/vc_row][vc_section][vc_row el_id=&#8221;faq&#8221;][vc_column]    <div class=\"shortcode shortcode-title text-center   animated\"\n                 animation_type=\"bounce\" animation_duration=\"1\" animation_delay=\"0\"\n        >\n                \n                <h2 style=\" color:#707172;\">FAQs<\/h2>\n                \n                \n                \n                <div class=\"line line-bottom\" style=\" width:40px; background-color:#118441;\"><\/div>\n            <\/div>\n        <div class=\"shortcode shortcode-faq  animated\"\n                 animation_type=\"bounce\" animation_duration=\"5\" animation_delay=\"2\"\n        >\n        \n        <div class=\"faq-wrapper panel-group\" id=\"faqs\">\n                            <div class=\"post-item bluehpatenschaft  panel panel-default\">\n                    <div class=\"panel-heading\">\n                        <h4 class=\"panel-title\">\n                            <a class=\"collapsed\" data-toggle=\"collapse\" data-parent=\"#faqs\" href=\"#collapse1049\"><span class=\"faq-icon\"><span class=\"fa\"><\/span><\/span> Wo ist meine Bl\u00fchfl\u00e4che?<\/a>\n                        <\/h4>\n                    <\/div>\n                    <div id=\"collapse1049\" class=\"panel-collapse collapse\">\n                        <div class=\"panel-body\"><p>Die ersten beiden Paten-Bienenwies\u00b4n werden in Feldkirchen und in Rosegg angelegt. Die KELAG hat daf\u00fcr Fl\u00e4chen zur Verf\u00fcgung gestellt. Nach \u00dcber\u00adnahme einer Bl\u00fchpatenschaft erhalten Sie ein Begleitschreiben, welches die Angabe des genauen Standortes enth\u00e4lt.<\/p>\n<\/div>\n                    <\/div>\n                <\/div>\n                            <div class=\"post-item bluehpatenschaft  panel panel-default\">\n                    <div class=\"panel-heading\">\n                        <h4 class=\"panel-title\">\n                            <a class=\"collapsed\" data-toggle=\"collapse\" data-parent=\"#faqs\" href=\"#collapse1048\"><span class=\"faq-icon\"><span class=\"fa\"><\/span><\/span> Wie funktioniert die Bezahlung?<\/a>\n                        <\/h4>\n                    <\/div>\n                    <div id=\"collapse1048\" class=\"panel-collapse collapse\">\n                        <div class=\"panel-body\"><p>Mit der Angabe Ihrer Kontodaten, wird der gesamte Betrag f\u00fcr die ausgew\u00e4hlte Dauer der Bl\u00fch\u00adpatenschaft von der Maschinenring-Service K\u00e4rnten eGen vom angegebenen Konto abgebucht. Sie erhalten eine Rechnung und eine Urkunde.<\/p>\n<\/div>\n                    <\/div>\n                <\/div>\n                            <div class=\"post-item bluehpatenschaft  panel panel-default\">\n                    <div class=\"panel-heading\">\n                        <h4 class=\"panel-title\">\n                            <a class=\"collapsed\" data-toggle=\"collapse\" data-parent=\"#faqs\" href=\"#collapse1047\"><span class=\"faq-icon\"><span class=\"fa\"><\/span><\/span> Was passiert mit meinem Geld?<\/a>\n                        <\/h4>\n                    <\/div>\n                    <div id=\"collapse1047\" class=\"panel-collapse collapse\">\n                        <div class=\"panel-body\"><p>Mit Ihrem Beitrag wurde bzw. wird eine mehr\u00adj\u00e4hrige Bl\u00fchfl\u00e4che, mit speziell auf \u00f6sterreichische Insekten abge\u00adstimmte Pflanzen, angelegt und fachgerecht gepflegt. Dazu geh\u00f6rt auch der zweimalige Schnitt pro Jahr. Dabei bleibt das Schnittgut mindestens eine Woche liegen, um &#8220;Absamen&#8221; zu k\u00f6nnen. Danach muss das Schnittgut unbedingt entfernt werden, da diese Magerwiese n\u00e4hrstoffarme B\u00f6den ben\u00f6tigt.<\/p>\n<\/div>\n                    <\/div>\n                <\/div>\n                            <div class=\"post-item bluehpatenschaft  panel panel-default\">\n                    <div class=\"panel-heading\">\n                        <h4 class=\"panel-title\">\n                            <a class=\"collapsed\" data-toggle=\"collapse\" data-parent=\"#faqs\" href=\"#collapse1046\"><span class=\"faq-icon\"><span class=\"fa\"><\/span><\/span> Woher stammen die Bienenfl\u00e4chen?<\/a>\n                        <\/h4>\n                    <\/div>\n                    <div id=\"collapse1046\" class=\"panel-collapse collapse\">\n                        <div class=\"panel-body\"><p>Die zur Verf\u00fcgung gestellten Fl\u00e4chen stammen von der Kelag, die sich bereit erkl\u00e4rt hat, einige ihrer Fl\u00e4chen in wertvolle Bl\u00fch\u00adfl\u00e4chen zu verwandeln. Das Saatgut stammt von der K\u00e4rntner Saatbau und wird vom Maschinenring angelegt und von Landwirten zwei mal im Jahr gepflegt.<\/p>\n<\/div>\n                    <\/div>\n                <\/div>\n                            <div class=\"post-item bluehpatenschaft  panel panel-default\">\n                    <div class=\"panel-heading\">\n                        <h4 class=\"panel-title\">\n                            <a class=\"collapsed\" data-toggle=\"collapse\" data-parent=\"#faqs\" href=\"#collapse1045\"><span class=\"faq-icon\"><span class=\"fa\"><\/span><\/span> Wird die Fl\u00e4che ged\u00fcngt oder mit Pflanzenschutzmittel behandelt?<\/a>\n                        <\/h4>\n                    <\/div>\n                    <div id=\"collapse1045\" class=\"panel-collapse collapse\">\n                        <div class=\"panel-body\"><p>Nein, Bl\u00fctenpflanzen f\u00fcr Insekten sind Magerwiesenbewohner, also Pflanzen die keinen D\u00fcnger m\u00f6gen. Chemischer Pflanzenschutz ist auf solchen Fl\u00e4chen verboten und wird auch nicht ben\u00f6tigt \u2013 es soll ja BEWUSST die Unordnung der Natur wiederherstellen.<\/p>\n<\/div>\n                    <\/div>\n                <\/div>\n                            <div class=\"post-item bluehpatenschaft  panel panel-default\">\n                    <div class=\"panel-heading\">\n                        <h4 class=\"panel-title\">\n                            <a class=\"collapsed\" data-toggle=\"collapse\" data-parent=\"#faqs\" href=\"#collapse1044\"><span class=\"faq-icon\"><span class=\"fa\"><\/span><\/span> Darf ich die Bl\u00fctenwiese besichtigen?<\/a>\n                        <\/h4>\n                    <\/div>\n                    <div id=\"collapse1044\" class=\"panel-collapse collapse\">\n                        <div class=\"panel-body\"><p>Selbstverst\u00e4ndlich! Die Fl\u00e4che kann jederzeit besichtigt werden. Bitte die Pflanzen keinesfalls abschneiden, denn nur am Feld dienen sie als n\u00fctzlicher Lebensraum f\u00fcr die Insekten.<\/p>\n<\/div>\n                    <\/div>\n                <\/div>\n                    <\/div>\n    <\/div>\n[vc_empty_space][\/vc_column][\/vc_row][vc_row][vc_column][vc_empty_space][\/vc_column][\/vc_row][vc_row][vc_column]    <div class=\"shortcode shortcode-title text-center   animated\"\n                 animation_type=\"bounce\" animation_duration=\"1\" animation_delay=\"0\"\n        >\n                \n                <h2 style=\" color:#707172;\">BEI FRAGEN K\u00d6NNEN SIE UNS GERNE KONTAKTIEREN!<\/h2>\n                \n                <div class=\"line\" style=\" width:40px; background-color:#118441;\"><\/div>\n                \n                \n            <\/div>\n    <div role=\"form\" class=\"wpcf7\" id=\"wpcf7-f3474-o1\" lang=\"de-DE\" dir=\"ltr\">\n<div class=\"screen-reader-response\"><p role=\"status\" aria-live=\"polite\" aria-atomic=\"true\"><\/p> <ul><\/ul><\/div>\n<form action=\"\/kaernten\/wp-json\/wp\/v2\/pages\/3442#wpcf7-f3474-o1\" method=\"post\" class=\"wpcf7-form init\" novalidate=\"novalidate\" data-status=\"init\">\n<div style=\"display: none;\">\n<input type=\"hidden\" name=\"_wpcf7\" value=\"3474\" \/>\n<input type=\"hidden\" name=\"_wpcf7_version\" value=\"5.3.2\" \/>\n<input type=\"hidden\" name=\"_wpcf7_locale\" value=\"de_DE\" \/>\n<input type=\"hidden\" name=\"_wpcf7_unit_tag\" value=\"wpcf7-f3474-o1\" \/>\n<input type=\"hidden\" name=\"_wpcf7_container_post\" value=\"0\" \/>\n<input type=\"hidden\" name=\"_wpcf7_posted_data_hash\" value=\"\" \/>\n<\/div>\n<p><label> Ihr Name <small>(Pflichtfeld)<\/small>:<br \/>\n    <span class=\"wpcf7-form-control-wrap your-name\"><input type=\"text\" name=\"your-name\" value=\"\" size=\"40\" class=\"wpcf7-form-control wpcf7-text wpcf7-validates-as-required\" aria-required=\"true\" aria-invalid=\"false\" \/><\/span> <\/label><\/p>\n<p><label> Ihre E-Mail-Adresse <small>(Pflichtfeld)<\/small>:<br \/>\n    <span class=\"wpcf7-form-control-wrap your-email\"><input type=\"email\" name=\"your-email\" value=\"\" size=\"40\" class=\"wpcf7-form-control wpcf7-text wpcf7-email wpcf7-validates-as-required wpcf7-validates-as-email\" aria-required=\"true\" aria-invalid=\"false\" \/><\/span> <\/label><\/p>\n<p><label>Betreff<small>(Pflichtfeld)<\/small>:<br \/>\n    <span class=\"wpcf7-form-control-wrap betreff\"><input type=\"text\" name=\"betreff\" value=\"\" size=\"40\" class=\"wpcf7-form-control wpcf7-text wpcf7-validates-as-required\" aria-required=\"true\" aria-invalid=\"false\" \/><\/span> <\/label><\/p>\n<p><label>Ihre Nachricht<small>(Pflichtfeld)<\/small>:<br \/>\n    <span class=\"wpcf7-form-control-wrap nachricht\"><input type=\"text\" name=\"nachricht\" value=\"\" size=\"40\" class=\"wpcf7-form-control wpcf7-text wpcf7-validates-as-required\" aria-required=\"true\" aria-invalid=\"false\" \/><\/span> <\/label><\/p>\n<p><span class=\"wpcf7-form-control-wrap acceptance\"><span class=\"wpcf7-form-control wpcf7-acceptance\"><span class=\"wpcf7-list-item\"><label><input type=\"checkbox\" name=\"acceptance\" value=\"1\" aria-invalid=\"false\" \/><span class=\"wpcf7-list-item-label\">Ich akzeptiere die Weiterverarbeitung meiner Daten und die Kontaktaufnahme durch einen Mitarbeiter des zust\u00e4ndigen Maschinenringes<\/span><\/label><\/span><\/span><\/span><\/p>\n<p><small>\u201eDie abgesendeten Daten werden nur zum Zweck der Bearbeitung Ihres Anliegens verarbeitet. Weitere Informationen finden Sie in unserer <a href=\"datenschutzerklaerung\">Datenschutzerkl\u00e4rung<\/a>\u201c.<\/small><\/p>\n<p><input type=\"submit\" value=\"Senden\" class=\"wpcf7-form-control wpcf7-submit\" \/><\/p>\n<div class=\"wpcf7-response-output\" aria-hidden=\"true\"><\/div><\/form><\/div>[\/vc_column][\/vc_row][vc_row][vc_column][vc_empty_space][\/vc_column][\/vc_row][vc_row][vc_column width=&#8221;1\/3&#8243;][vc_single_image image=&#8221;3797&#8243; img_size=&#8221;full&#8221; alignment=&#8221;center&#8221;][\/vc_column][vc_column width=&#8221;1\/3&#8243;][vc_single_image image=&#8221;3795&#8243; img_size=&#8221;full&#8221; alignment=&#8221;center&#8221;][\/vc_column][vc_column width=&#8221;1\/3&#8243;][vc_single_image image=&#8221;3796&#8243; img_size=&#8221;full&#8221; alignment=&#8221;center&#8221;][\/vc_column][\/vc_row][\/vc_section]<\/p>\n","protected":false},"excerpt":{"rendered":"<p>[vc_row el_id=&#8221;1&#8243;][vc_column][\/vc_column][\/vc_row][vc_row][vc_column][vc_column_text] Mit der \u00dcbernahme oder dem Verschenken einer Bl\u00fchpatenschaft, haben auch diejenigen, die keinen Garten oder freie Gr\u00fcnfl\u00e4che besitzen, die Chance, f\u00fcr Bienen und andere bl\u00fcten\u00adbest\u00e4ubende Insekten wichtige Nahrungs\u00adinseln und Lebens\u00adr\u00e4ume zu schaffen und damit einen wesentlichen Beitrag f\u00fcr unsere Umwelt zu leisten. F\u00fcr die Aktion Bl\u00fchpatenschaft stellt die KELAG freie Fl\u00e4chen zur Verf\u00fcgung! [&hellip;]<\/p>\n","protected":false},"author":1,"featured_media":0,"parent":0,"menu_order":0,"comment_status":"open","ping_status":"open","template":"","meta":[],"_links":{"self":[{"href":"https:\/\/bienenwiesn.at\/kaernten\/wp-json\/wp\/v2\/pages\/3442"}],"collection":[{"href":"https:\/\/bienenwiesn.at\/kaernten\/wp-json\/wp\/v2\/pages"}],"about":[{"href":"https:\/\/bienenwiesn.at\/kaernten\/wp-json\/wp\/v2\/types\/page"}],"author":[{"embeddable":true,"href":"https:\/\/bienenwiesn.at\/kaernten\/wp-json\/wp\/v2\/users\/1"}],"replies":[{"embeddable":true,"href":"https:\/\/bienenwiesn.at\/kaernten\/wp-json\/wp\/v2\/comments?post=3442"}],"version-history":[{"count":10,"href":"https:\/\/bienenwiesn.at\/kaernten\/wp-json\/wp\/v2\/pages\/3442\/revisions"}],"predecessor-version":[{"id":3974,"href":"https:\/\/bienenwiesn.at\/kaernten\/wp-json\/wp\/v2\/pages\/3442\/revisions\/3974"}],"wp:attachment":[{"href":"https:\/\/bienenwiesn.at\/kaernten\/wp-json\/wp\/v2\/media?parent=3442"}],"curies":[{"name":"wp","href":"https:\/\/api.w.org\/{rel}","templated":true}]}}