{"id":2942,"date":"2018-09-17T13:52:13","date_gmt":"2018-09-17T11:52:13","guid":{"rendered":"https:\/\/bienenwiesn.at\/kaernten\/?page_id=2942"},"modified":"2021-04-07T15:17:30","modified_gmt":"2021-04-07T13:17:30","slug":"impressum","status":"publish","type":"page","link":"https:\/\/bienenwiesn.at\/kaernten\/impressum\/","title":{"rendered":"Impressum"},"content":{"rendered":"<p><strong>Impressum\/Informationen nach \u00a7 5 ECG, \u00a0\u00a714 UGB und Offenlegung gem\u00e4\u00df \u00a7 25 MedienG:<\/strong><\/p>\n<p>Medieninhaber\/Redaktion\/Herausgeber:<\/p>\n<p>Maschinenring-Service K\u00e4rnten eGen<br \/>\nDrasendorfer Stra\u00dfe 42<br \/>\n9020 Klagenfurt am W\u00f6rthersee<br \/>\nTel.: 0043 59060 200<br \/>\nFax: 0043 59060 2900<\/p>\n<p><a href=\"mailto:service.kaernten@maschinenring.at\">service.kaernten@maschinenring.at<\/a><\/p>\n<p>UID: ATU 40615303<br \/>\nFirmenbuchnummer: 145022 v<br \/>\nRechtsform: Genossenschaft nach dem Genossenschaftsgesetz<\/p>\n<p>Gesch\u00e4ftsf\u00fchrung: Johannes Graf, MBA und Prok. Mario Duschek<br \/>\nObmann: Georg Scheiflinger<br \/>\nObmann Stv.: Ing. Hans Erlacher<\/p>\n<p>&nbsp;<\/p>\n<p>Verbraucher haben die M\u00f6glichkeit, Beschwerden an die OnlineStreitbeilegungsplattform der EU zu richten: <a href=\"http:\/\/ec.europa.eu\/odr\">http:\/\/ec.europa.eu\/odr<\/a>.<br \/>\nSie k\u00f6nnen allf\u00e4llige Beschwerde auch an die oben angegebene E-Mail-Adresse richten.<\/p>\n<p>&nbsp;<\/p>\n<p><strong>Copyright \/ Rechtliches:<\/strong><\/p>\n<p>S\u00e4mtliche Inhalte der Website sowie Layout und Gestaltung sind urheberrechtlich gesch\u00fctzt. Die Vervielf\u00e4ltigung oder \u00dcbernahme von Bestandteilen der Website bedarf der vorherigen schriftlichen Zustimmung des Medieninhabers. Die bereitgestellten Informationen auf dieser Website werden gepr\u00fcft und regelm\u00e4\u00dfig aktualisiert. Jedoch kann keine Garantie daf\u00fcr \u00fcbernommen werden, dass alle Angaben zu jeder Zeit vollst\u00e4ndig, richtig und in letzter Aktualit\u00e4t dargestellt sind. Dies gilt insbesondere f\u00fcr alle Links zu anderen Websites, auf die direkt oder indirekt verwiesen wird.<\/p>\n<p><strong>Datenschutz und Cookies:<\/strong><\/p>\n<p>Informationen zum Datenschutzerkl\u00e4rung k\u00f6nnen Sie <a href=\"..\/datenschutzerklaerung\">hier<\/a> einsehen.<\/p>\n","protected":false},"excerpt":{"rendered":"<p>Impressum\/Informationen nach \u00a7 5 ECG, \u00a0\u00a714 UGB und Offenlegung gem\u00e4\u00df \u00a7 25 MedienG: Medieninhaber\/Redaktion\/Herausgeber: Maschinenring-Service K\u00e4rnten eGen Drasendorfer Stra\u00dfe 42 9020 Klagenfurt am W\u00f6rthersee Tel.: 0043 59060 200 Fax: 0043 59060 2900 service.kaernten@maschinenring.at UID: ATU 40615303 Firmenbuchnummer: 145022 v Rechtsform: Genossenschaft nach dem Genossenschaftsgesetz Gesch\u00e4ftsf\u00fchrung: Johannes Graf, MBA und Prok. Mario Duschek Obmann: Georg Scheiflinger [&hellip;]<\/p>\n","protected":false},"author":1,"featured_media":0,"parent":0,"menu_order":0,"comment_status":"closed","ping_status":"closed","template":"","meta":[],"_links":{"self":[{"href":"https:\/\/bienenwiesn.at\/kaernten\/wp-json\/wp\/v2\/pages\/2942"}],"collection":[{"href":"https:\/\/bienenwiesn.at\/kaernten\/wp-json\/wp\/v2\/pages"}],"about":[{"href":"https:\/\/bienenwiesn.at\/kaernten\/wp-json\/wp\/v2\/types\/page"}],"author":[{"embeddable":true,"href":"https:\/\/bienenwiesn.at\/kaernten\/wp-json\/wp\/v2\/users\/1"}],"replies":[{"embeddable":true,"href":"https:\/\/bienenwiesn.at\/kaernten\/wp-json\/wp\/v2\/comments?post=2942"}],"version-history":[{"count":10,"href":"https:\/\/bienenwiesn.at\/kaernten\/wp-json\/wp\/v2\/pages\/2942\/revisions"}],"predecessor-version":[{"id":3432,"href":"https:\/\/bienenwiesn.at\/kaernten\/wp-json\/wp\/v2\/pages\/2942\/revisions\/3432"}],"wp:attachment":[{"href":"https:\/\/bienenwiesn.at\/kaernten\/wp-json\/wp\/v2\/media?parent=2942"}],"curies":[{"name":"wp","href":"https:\/\/api.w.org\/{rel}","templated":true}]}}